
{"id":698,"date":"2017-08-02T16:18:31","date_gmt":"2017-08-02T15:18:31","guid":{"rendered":"http:\/\/www.cd45.fr\/v2\/?page_id=698"},"modified":"2018-06-05T20:08:40","modified_gmt":"2018-06-05T19:08:40","slug":"liens","status":"publish","type":"page","link":"http:\/\/www.cd45.fr\/v2\/?page_id=698","title":{"rendered":"Liens"},"content":{"rendered":"<p>Voici une liste de liens vers d&rsquo;autres comit\u00e9s d\u00e9partementaux. Il ne s&rsquo;agit pas d&rsquo;une liste exhaustive mais seulement des sites que nous avons pu identifier. D&rsquo;autres existent mais ne sont visiblement plus maintenus. Si vous en connaissez qui ne figurent pas ici n&rsquo;h\u00e9sitez pas \u00e0 nous les proposer.<\/p>\n<p><p>Cette liste a \u00e9t\u00e9 \u00e9tablie d\u00e9but ao\u00fbt 2017.<\/p>\n<p>&nbsp;<\/p>\n<table style=\"background-color: #ffffff; width: 100%; margin-right: auto; margin-left: auto; border: none;\">\n<tbody>\n<tr>\n<td style=\"width: 34%; text-align: center; vertical-align: bottom;\"><a href=\"https:\/\/www.ffpsed.fr\/\" target=\"_blank\" rel=\"noopener\"><img loading=\"lazy\" decoding=\"async\" class=\"size-full wp-image-715 aligncenter\" src=\"http:\/\/www.cd45.fr\/v2\/wp-content\/uploads\/2017\/08\/logo_ffps_ed.png\" alt=\"\" width=\"160\" height=\"136\" \/><\/a><\/td>\n<td style=\"width: 33%; text-align: center; vertical-align: bottom;\"><a href=\"http:\/\/federationpeche45.fr\/\" target=\"_blank\" rel=\"noopener\"><img loading=\"lazy\" decoding=\"async\" class=\"size-full wp-image-717 aligncenter\" src=\"http:\/\/www.cd45.fr\/v2\/wp-content\/uploads\/2017\/08\/logo_45.gif\" alt=\"\" width=\"150\" height=\"160\" \/><\/a><\/td>\n<\/tr>\n<\/tbody>\n<\/table>\n<table style=\"width: 100%; height: 100%; border: none;\">\n<tbody>\n<tr>\n<td style=\"border: none;\"><a href=\"http:\/\/pechecompetition17.heberg-forum.fr\/forums.html\" target=\"_blank\" rel=\"noopener\"><img loading=\"lazy\" decoding=\"async\" class=\"alignleft size-full wp-image-728\" src=\"http:\/\/www.cd45.fr\/v2\/wp-content\/uploads\/2017\/08\/logo_cd17.png\" alt=\"\" width=\"128\" height=\"127\" \/><\/a><\/td>\n<td style=\"border: none; vertical-align: middle; font-size: 18px;\">Le site de la Charente-maritime<\/td>\n<\/tr>\n<tr>\n<td style=\"border: none;\"><a href=\"http:\/\/cd18.wifeo.com\/\" target=\"_blank\" rel=\"noopener\"><img loading=\"lazy\" decoding=\"async\" class=\"alignleft size-full wp-image-732\" src=\"http:\/\/www.cd45.fr\/v2\/wp-content\/uploads\/2017\/08\/logo_cd18-1.jpg\" alt=\"\" width=\"181\" height=\"130\" \/><\/a><\/td>\n<td style=\"border: none; vertical-align: middle; font-size: 18px;\">Le site du Cher<\/td>\n<\/tr>\n<tr>\n<td style=\"border: none;\"><a href=\"https:\/\/www.pechecompetition22.com\/\" target=\"_blank\" rel=\"noopener\"><img loading=\"lazy\" decoding=\"async\" class=\"alignleft size-full wp-image-735\" src=\"http:\/\/www.cd45.fr\/v2\/wp-content\/uploads\/2017\/08\/logo_cd22.png\" alt=\"\" width=\"150\" height=\"84\" \/><\/a><\/td>\n<td style=\"border: none; vertical-align: middle; font-size: 18px;\">Le site des Cotes d&rsquo;Armor<\/td>\n<\/tr>\n<tr>\n<td style=\"border: none;\"><a href=\"http:\/\/ffpsccd23.e-monsite.com\/\" target=\"_blank\" rel=\"noopener\"><span style=\"font-size: 24pt;\"><strong>CD23<\/strong><\/span><\/a><\/td>\n<td style=\"border: none; vertical-align: middle; font-size: 18px;\">Le site de la Creuse<\/td>\n<\/tr>\n<tr>\n<td style=\"border: none;\"><a href=\"https:\/\/cd28.jimdo.com\/\" target=\"_blank\" rel=\"noopener\"><img loading=\"lazy\" decoding=\"async\" class=\"alignleft size-full wp-image-739\" src=\"http:\/\/www.cd45.fr\/v2\/wp-content\/uploads\/2017\/08\/logo_cd28.jpg\" alt=\"\" width=\"150\" height=\"111\" \/><\/a><\/td>\n<td style=\"border: none; vertical-align: middle; font-size: 18px;\">Le site del&rsquo;Eure-et-Loir<\/td>\n<\/tr>\n<tr>\n<td style=\"border: none;\"><a href=\"http:\/\/cd33.e-monsite.com\/\" target=\"_blank\" rel=\"noopener\"><span style=\"font-size: 24pt;\"><strong>CD33<\/strong><\/span><\/a><\/td>\n<td style=\"border: none; vertical-align: middle; font-size: 18px;\">Le site de la Gironde<\/td>\n<\/tr>\n<td style=\"border: none;\"><span style=\"font-size: 24pt;\"><\/span><\/a><\/td>\n<\/tr>\n<tr>\n<td style=\"border: none;\"><a href=\"http:\/\/www.cd35.fr\/\" target=\"_blank\" rel=\"noopener\"><span style=\"font-size: 24pt;\"><strong>CD35<\/strong><\/span><\/a><\/td>\n<td style=\"border: none; vertical-align: middle; font-size: 18px;\">Le site de l&rsquo;Ille-et-Vilaine<\/td>\n<\/tr>\n<tr>\n<td style=\"border: none;\"><a href=\"http:\/\/cd41.fr\/\" target=\"_blank\" rel=\"noopener\"><img loading=\"lazy\" decoding=\"async\" class=\"alignleft size-full wp-image-743\" src=\"http:\/\/www.cd45.fr\/v2\/wp-content\/uploads\/2017\/08\/logo_cd41.jpg\" alt=\"\" width=\"150\" height=\"124\" \/><\/a><\/td>\n<td style=\"border: none; vertical-align: middle; font-size: 18px;\">Le site du Loir-et-Cher<\/td>\n<\/tr>\n<tr>\n<td style=\"border: none;\"><a href=\"http:\/\/cd44.org\/\" target=\"_blank\" rel=\"noopener\"><img loading=\"lazy\" decoding=\"async\" class=\"alignleft size-full wp-image-744\" src=\"http:\/\/www.cd45.fr\/v2\/wp-content\/uploads\/2017\/08\/logo_cd44.png\" alt=\"\" width=\"150\" height=\"150\" \/><\/a><\/td>\n<td style=\"border: none; vertical-align: middle; font-size: 18px;\">Le site de la Loire-Atlantique<\/td>\n<\/tr>\n<tr>\n<td style=\"border: none;\"><a href=\"http:\/\/cd51.e-monsite.com\/\" target=\"_blank\" rel=\"noopener\"><span style=\"font-size: 24pt;\"><strong>CD51<\/strong><\/span><\/a><\/td>\n<td style=\"border: none; vertical-align: middle; font-size: 18px;\">Le site de la Marne<\/td>\n<\/tr>\n<tr>\n<td style=\"border: none;\"><a href=\"http:\/\/cdpeche.e-monsite.com\/\" target=\"_blank\" rel=\"noopener\"><img loading=\"lazy\" decoding=\"async\" class=\"alignleft size-full wp-image-749\" src=\"http:\/\/www.cd45.fr\/v2\/wp-content\/uploads\/2017\/08\/logo_cd53.jpg\" alt=\"\" width=\"150\" height=\"150\" \/><\/a><\/td>\n<td style=\"border: none; vertical-align: middle; font-size: 18px;\">Le site de la Mayenne<\/td>\n<\/tr>\n<tr>\n<td style=\"border: none;\"><a href=\"http:\/\/www.cd-peche-59.fr\/\" target=\"_blank\"><img loading=\"lazy\" decoding=\"async\" src=\"http:\/\/www.cd45.fr\/v2\/wp-content\/uploads\/2017\/08\/logo_cd59.png\" alt=\"\" width=\"117\" height=\"70\" class=\"alignleft size-full wp-image-777\" \/><\/a><\/td>\n<td style=\"border: none; vertical-align: middle; font-size: 18px;\">Le site du Nord<\/td>\n<\/tr>\n<tr>\n<td style=\"border: none;\"><a href=\"https:\/\/cd60.jimdo.com\/\" target=\"_blank\"><img loading=\"lazy\" decoding=\"async\" src=\"http:\/\/www.cd45.fr\/v2\/wp-content\/uploads\/2017\/08\/logo_cd60.png\" alt=\"\" width=\"340\" height=\"100\" class=\"alignleft size-full wp-image-778\" srcset=\"http:\/\/www.cd45.fr\/v2\/wp-content\/uploads\/2017\/08\/logo_cd60.png 340w, http:\/\/www.cd45.fr\/v2\/wp-content\/uploads\/2017\/08\/logo_cd60-300x88.png 300w\" sizes=\"(max-width: 340px) 100vw, 340px\" \/><\/a><\/td>\n<td style=\"border: none; vertical-align: middle; font-size: 18px;\">Le site de l&rsquo;Oise<\/td>\n<\/tr>\n<tr>\n<td style=\"border: none;\"><a href=\"http:\/\/cd62.pagesperso-orange.fr\/accueil2.htm\" target=\"_blank\"><img loading=\"lazy\" decoding=\"async\" src=\"http:\/\/www.cd45.fr\/v2\/wp-content\/uploads\/2017\/08\/logo_cd62.gif\" alt=\"\" width=\"102\" height=\"81\" class=\"alignleft size-full wp-image-780\" \/><\/a><\/td>\n<td style=\"border: none; vertical-align: middle; font-size: 18px;\">Le site du Pas-de-Calais<\/td>\n<\/tr>\n<tr>\n<td style=\"border: none;\"><a href=\"http:\/\/cdps71.fr\/\" target=\"_blank\"><img loading=\"lazy\" decoding=\"async\" src=\"http:\/\/www.cd45.fr\/v2\/wp-content\/uploads\/2017\/08\/logo_cd71.png\" alt=\"\" width=\"150\" height=\"88\" class=\"alignleft size-full wp-image-781\" \/><\/a><\/td>\n<td style=\"border: none; vertical-align: middle; font-size: 18px;\">Le site de la Sa\u00f4ne-et-Loire<\/td>\n<\/tr>\n<tr>\n<td style=\"border: none;\"><a href=\"https:\/\/www.cd72.fr\/bienvenue\/index.html\" target=\"_blank\"><span style=\"font-size: 24pt;\"><strong>CD72<\/strong><\/span><\/a><\/td>\n<td style=\"border: none; vertical-align: middle; font-size: 18px;\">Le site de la Sarthe<\/td>\n<\/tr>\n<tr>\n<td style=\"border: none;\"><a href=\"http:\/\/www.cd78yvelines.com\/\" target=\"_blank\"><img loading=\"lazy\" decoding=\"async\" src=\"http:\/\/www.cd45.fr\/v2\/wp-content\/uploads\/2017\/08\/logo_cd78.jpg\" alt=\"\" width=\"150\" height=\"144\" class=\"alignleft size-full wp-image-782\" \/><\/a><\/td>\n<td style=\"border: none; vertical-align: middle; font-size: 18px;\">Le site des Yvelines<\/td>\n<\/tr>\n<tr>\n<td style=\"border: none;\"><a href=\"http:\/\/www.cd87peche.fr\/infos_peche_87.html\" target=\"_blank\"><span style=\"font-size: 24pt;\"><strong>CD87<\/strong><\/span><\/a><\/td>\n<td style=\"border: none; vertical-align: middle; font-size: 18px;\">Le site de la Haute-Vienne<\/td>\n<\/tr>\n<tr>\n<td style=\"border: none;\"><\/td>\n<\/tr>\n<tr>\n<td style=\"border: none;\"><\/td>\n<\/tr>\n<\/tbody>\n<\/table>\n","protected":false},"excerpt":{"rendered":"<p>Voici une liste de liens vers d&rsquo;autres comit\u00e9s d\u00e9partementaux. Il ne s&rsquo;agit pas d&rsquo;une liste exhaustive mais seulement des sites que nous avons pu identifier. D&rsquo;autres existent mais ne sont visiblement plus maintenus. Si vous en connaissez qui ne figurent &hellip; <a href=\"http:\/\/www.cd45.fr\/v2\/?page_id=698\">Continuer la lecture <span class=\"meta-nav\">&rarr;<\/span><\/a><\/p>\n","protected":false},"author":1,"featured_media":0,"parent":0,"menu_order":0,"comment_status":"closed","ping_status":"closed","template":"","meta":{"footnotes":""},"_links":{"self":[{"href":"http:\/\/www.cd45.fr\/v2\/index.php?rest_route=\/wp\/v2\/pages\/698"}],"collection":[{"href":"http:\/\/www.cd45.fr\/v2\/index.php?rest_route=\/wp\/v2\/pages"}],"about":[{"href":"http:\/\/www.cd45.fr\/v2\/index.php?rest_route=\/wp\/v2\/types\/page"}],"author":[{"embeddable":true,"href":"http:\/\/www.cd45.fr\/v2\/index.php?rest_route=\/wp\/v2\/users\/1"}],"replies":[{"embeddable":true,"href":"http:\/\/www.cd45.fr\/v2\/index.php?rest_route=%2Fwp%2Fv2%2Fcomments&post=698"}],"version-history":[{"count":89,"href":"http:\/\/www.cd45.fr\/v2\/index.php?rest_route=\/wp\/v2\/pages\/698\/revisions"}],"predecessor-version":[{"id":1291,"href":"http:\/\/www.cd45.fr\/v2\/index.php?rest_route=\/wp\/v2\/pages\/698\/revisions\/1291"}],"wp:attachment":[{"href":"http:\/\/www.cd45.fr\/v2\/index.php?rest_route=%2Fwp%2Fv2%2Fmedia&parent=698"}],"curies":[{"name":"wp","href":"https:\/\/api.w.org\/{rel}","templated":true}]}}