
{"id":532,"date":"2017-07-02T16:16:31","date_gmt":"2017-07-02T15:16:31","guid":{"rendered":"http:\/\/www.cd45.fr\/v2\/?page_id=532"},"modified":"2018-02-26T11:00:10","modified_gmt":"2018-02-26T10:00:10","slug":"assemblees-generales","status":"publish","type":"page","link":"http:\/\/www.cd45.fr\/v2\/?page_id=532","title":{"rendered":"Assembl\u00e9es g\u00e9n\u00e9rales"},"content":{"rendered":"<p>Vous trouverez dans cette section les derniers comptes-rendus des assembl\u00e9es g\u00e9n\u00e9rales du CD.<\/p>\n<ul>\n<li><a href=\"http:\/\/www.cd45.fr\/v2\/?page_id=1021\">AG 2017\/2018<\/a><\/li>\n<li><a href=\"http:\/\/www.cd45.fr\/v2\/?page_id=537\">AG 2016\/2017<\/a><\/li>\n<li><a href=\"http:\/\/www.cd45.fr\/v2\/?page_id=535\">AG 2015\/2016<\/a><\/li>\n<li><a href=\"http:\/\/www.cd45.fr\/v2\/?page_id=581\">AC 2017\/2020<\/a><\/li>\n<\/ul>\n","protected":false},"excerpt":{"rendered":"<p>Vous trouverez dans cette section les derniers comptes-rendus des assembl\u00e9es g\u00e9n\u00e9rales du CD. AG 2017\/2018 AG 2016\/2017 AG 2015\/2016 AC 2017\/2020<\/p>\n","protected":false},"author":1,"featured_media":0,"parent":421,"menu_order":0,"comment_status":"closed","ping_status":"closed","template":"","meta":{"footnotes":""},"_links":{"self":[{"href":"http:\/\/www.cd45.fr\/v2\/index.php?rest_route=\/wp\/v2\/pages\/532"}],"collection":[{"href":"http:\/\/www.cd45.fr\/v2\/index.php?rest_route=\/wp\/v2\/pages"}],"about":[{"href":"http:\/\/www.cd45.fr\/v2\/index.php?rest_route=\/wp\/v2\/types\/page"}],"author":[{"embeddable":true,"href":"http:\/\/www.cd45.fr\/v2\/index.php?rest_route=\/wp\/v2\/users\/1"}],"replies":[{"embeddable":true,"href":"http:\/\/www.cd45.fr\/v2\/index.php?rest_route=%2Fwp%2Fv2%2Fcomments&post=532"}],"version-history":[{"count":11,"href":"http:\/\/www.cd45.fr\/v2\/index.php?rest_route=\/wp\/v2\/pages\/532\/revisions"}],"predecessor-version":[{"id":1107,"href":"http:\/\/www.cd45.fr\/v2\/index.php?rest_route=\/wp\/v2\/pages\/532\/revisions\/1107"}],"up":[{"embeddable":true,"href":"http:\/\/www.cd45.fr\/v2\/index.php?rest_route=\/wp\/v2\/pages\/421"}],"wp:attachment":[{"href":"http:\/\/www.cd45.fr\/v2\/index.php?rest_route=%2Fwp%2Fv2%2Fmedia&parent=532"}],"curies":[{"name":"wp","href":"https:\/\/api.w.org\/{rel}","templated":true}]}}